{"id":926,"date":"2026-01-08T22:58:38","date_gmt":"2026-01-08T21:58:38","guid":{"rendered":"http:\/\/meblestylowe.eu\/?post_type=product&#038;p=926"},"modified":"2026-01-08T22:59:45","modified_gmt":"2026-01-08T21:59:45","slug":"mini-krzeselko-ozdobne","status":"publish","type":"product","link":"https:\/\/meblestylowe.eu\/?product=mini-krzeselko-ozdobne","title":{"rendered":"Mini krzese\u0142ko ozdobne"},"content":{"rendered":"","protected":false},"excerpt":{"rendered":"<p>W razie pyta\u0144 lub zainteresowania ofert\u0105 \u2014 zapraszamy do kontaktu.<\/p>\n","protected":false},"featured_media":928,"template":"","meta":[],"product_brand":[],"product_cat":[34],"product_tag":[],"class_list":{"0":"post-926","1":"product","2":"type-product","3":"status-publish","4":"has-post-thumbnail","6":"product_cat-krzesla","8":"first","9":"instock","10":"shipping-taxable","11":"purchasable","12":"product-type-simple"},"_links":{"self":[{"href":"https:\/\/meblestylowe.eu\/index.php?rest_route=\/wp\/v2\/product\/926","targetHints":{"allow":["GET"]}}],"collection":[{"href":"https:\/\/meblestylowe.eu\/index.php?rest_route=\/wp\/v2\/product"}],"about":[{"href":"https:\/\/meblestylowe.eu\/index.php?rest_route=\/wp\/v2\/types\/product"}],"wp:featuredmedia":[{"embeddable":true,"href":"https:\/\/meblestylowe.eu\/index.php?rest_route=\/wp\/v2\/media\/928"}],"wp:attachment":[{"href":"https:\/\/meblestylowe.eu\/index.php?rest_route=%2Fwp%2Fv2%2Fmedia&parent=926"}],"wp:term":[{"taxonomy":"product_brand","embeddable":true,"href":"https:\/\/meblestylowe.eu\/index.php?rest_route=%2Fwp%2Fv2%2Fproduct_brand&post=926"},{"taxonomy":"product_cat","embeddable":true,"href":"https:\/\/meblestylowe.eu\/index.php?rest_route=%2Fwp%2Fv2%2Fproduct_cat&post=926"},{"taxonomy":"product_tag","embeddable":true,"href":"https:\/\/meblestylowe.eu\/index.php?rest_route=%2Fwp%2Fv2%2Fproduct_tag&post=926"}],"curies":[{"name":"wp","href":"https:\/\/api.w.org\/{rel}","templated":true}]}}