{"id":906,"date":"2026-01-08T22:14:46","date_gmt":"2026-01-08T21:14:46","guid":{"rendered":"http:\/\/meblestylowe.eu\/?post_type=product&#038;p=906"},"modified":"2026-01-08T22:14:46","modified_gmt":"2026-01-08T21:14:46","slug":"owalny-drewniany-stol","status":"publish","type":"product","link":"https:\/\/meblestylowe.eu\/?product=owalny-drewniany-stol","title":{"rendered":"Owalny Drewniany St\u00f3\u0142"},"content":{"rendered":"","protected":false},"excerpt":{"rendered":"<p>W razie pyta\u0144 lub zainteresowania ofert\u0105 \u2014 zapraszamy do kontaktu.<\/p>\n","protected":false},"featured_media":908,"template":"","meta":[],"product_brand":[],"product_cat":[36],"product_tag":[],"class_list":{"0":"post-906","1":"product","2":"type-product","3":"status-publish","4":"has-post-thumbnail","6":"product_cat-stoly","8":"first","9":"instock","10":"shipping-taxable","11":"purchasable","12":"product-type-simple"},"_links":{"self":[{"href":"https:\/\/meblestylowe.eu\/index.php?rest_route=\/wp\/v2\/product\/906","targetHints":{"allow":["GET"]}}],"collection":[{"href":"https:\/\/meblestylowe.eu\/index.php?rest_route=\/wp\/v2\/product"}],"about":[{"href":"https:\/\/meblestylowe.eu\/index.php?rest_route=\/wp\/v2\/types\/product"}],"wp:featuredmedia":[{"embeddable":true,"href":"https:\/\/meblestylowe.eu\/index.php?rest_route=\/wp\/v2\/media\/908"}],"wp:attachment":[{"href":"https:\/\/meblestylowe.eu\/index.php?rest_route=%2Fwp%2Fv2%2Fmedia&parent=906"}],"wp:term":[{"taxonomy":"product_brand","embeddable":true,"href":"https:\/\/meblestylowe.eu\/index.php?rest_route=%2Fwp%2Fv2%2Fproduct_brand&post=906"},{"taxonomy":"product_cat","embeddable":true,"href":"https:\/\/meblestylowe.eu\/index.php?rest_route=%2Fwp%2Fv2%2Fproduct_cat&post=906"},{"taxonomy":"product_tag","embeddable":true,"href":"https:\/\/meblestylowe.eu\/index.php?rest_route=%2Fwp%2Fv2%2Fproduct_tag&post=906"}],"curies":[{"name":"wp","href":"https:\/\/api.w.org\/{rel}","templated":true}]}}