{"id":766,"date":"2026-01-04T02:27:50","date_gmt":"2026-01-04T01:27:50","guid":{"rendered":"http:\/\/meblestylowe.eu\/?post_type=product&#038;p=766"},"modified":"2026-01-04T02:27:50","modified_gmt":"2026-01-04T01:27:50","slug":"zestaw-4-krzesel-z-materialowym-zdobionym-siedziskiem","status":"publish","type":"product","link":"https:\/\/meblestylowe.eu\/?product=zestaw-4-krzesel-z-materialowym-zdobionym-siedziskiem","title":{"rendered":"Zestaw 4 krzese\u0142 z materia\u0142owym zdobionym siedziskiem"},"content":{"rendered":"","protected":false},"excerpt":{"rendered":"<p>W razie pyta\u0144 lub zainteresowania ofert\u0105 \u2014 zapraszamy do kontaktu.<\/p>\n","protected":false},"featured_media":770,"template":"","meta":[],"product_brand":[],"product_cat":[34,33],"product_tag":[],"class_list":{"0":"post-766","1":"product","2":"type-product","3":"status-publish","4":"has-post-thumbnail","6":"product_cat-krzesla","7":"product_cat-zestawy","9":"first","10":"instock","11":"shipping-taxable","12":"purchasable","13":"product-type-simple"},"_links":{"self":[{"href":"https:\/\/meblestylowe.eu\/index.php?rest_route=\/wp\/v2\/product\/766","targetHints":{"allow":["GET"]}}],"collection":[{"href":"https:\/\/meblestylowe.eu\/index.php?rest_route=\/wp\/v2\/product"}],"about":[{"href":"https:\/\/meblestylowe.eu\/index.php?rest_route=\/wp\/v2\/types\/product"}],"wp:featuredmedia":[{"embeddable":true,"href":"https:\/\/meblestylowe.eu\/index.php?rest_route=\/wp\/v2\/media\/770"}],"wp:attachment":[{"href":"https:\/\/meblestylowe.eu\/index.php?rest_route=%2Fwp%2Fv2%2Fmedia&parent=766"}],"wp:term":[{"taxonomy":"product_brand","embeddable":true,"href":"https:\/\/meblestylowe.eu\/index.php?rest_route=%2Fwp%2Fv2%2Fproduct_brand&post=766"},{"taxonomy":"product_cat","embeddable":true,"href":"https:\/\/meblestylowe.eu\/index.php?rest_route=%2Fwp%2Fv2%2Fproduct_cat&post=766"},{"taxonomy":"product_tag","embeddable":true,"href":"https:\/\/meblestylowe.eu\/index.php?rest_route=%2Fwp%2Fv2%2Fproduct_tag&post=766"}],"curies":[{"name":"wp","href":"https:\/\/api.w.org\/{rel}","templated":true}]}}