{"id":757,"date":"2026-01-04T02:22:13","date_gmt":"2026-01-04T01:22:13","guid":{"rendered":"http:\/\/meblestylowe.eu\/?post_type=product&#038;p=757"},"modified":"2026-01-06T15:21:26","modified_gmt":"2026-01-06T14:21:26","slug":"drewniane-krzeslo-z-wiklinowym-siedziskiem","status":"publish","type":"product","link":"https:\/\/meblestylowe.eu\/?product=drewniane-krzeslo-z-wiklinowym-siedziskiem","title":{"rendered":"Drewniane krzes\u0142o z ratanowym siedziskiem"},"content":{"rendered":"","protected":false},"excerpt":{"rendered":"<p>W razie pyta\u0144 lub zainteresowania ofert\u0105 \u2014 zapraszamy do kontaktu.<\/p>\n","protected":false},"featured_media":758,"template":"","meta":[],"product_brand":[],"product_cat":[34,33],"product_tag":[],"class_list":{"0":"post-757","1":"product","2":"type-product","3":"status-publish","4":"has-post-thumbnail","6":"product_cat-krzesla","7":"product_cat-zestawy","9":"first","10":"instock","11":"shipping-taxable","12":"purchasable","13":"product-type-simple"},"_links":{"self":[{"href":"https:\/\/meblestylowe.eu\/index.php?rest_route=\/wp\/v2\/product\/757","targetHints":{"allow":["GET"]}}],"collection":[{"href":"https:\/\/meblestylowe.eu\/index.php?rest_route=\/wp\/v2\/product"}],"about":[{"href":"https:\/\/meblestylowe.eu\/index.php?rest_route=\/wp\/v2\/types\/product"}],"wp:featuredmedia":[{"embeddable":true,"href":"https:\/\/meblestylowe.eu\/index.php?rest_route=\/wp\/v2\/media\/758"}],"wp:attachment":[{"href":"https:\/\/meblestylowe.eu\/index.php?rest_route=%2Fwp%2Fv2%2Fmedia&parent=757"}],"wp:term":[{"taxonomy":"product_brand","embeddable":true,"href":"https:\/\/meblestylowe.eu\/index.php?rest_route=%2Fwp%2Fv2%2Fproduct_brand&post=757"},{"taxonomy":"product_cat","embeddable":true,"href":"https:\/\/meblestylowe.eu\/index.php?rest_route=%2Fwp%2Fv2%2Fproduct_cat&post=757"},{"taxonomy":"product_tag","embeddable":true,"href":"https:\/\/meblestylowe.eu\/index.php?rest_route=%2Fwp%2Fv2%2Fproduct_tag&post=757"}],"curies":[{"name":"wp","href":"https:\/\/api.w.org\/{rel}","templated":true}]}}