{"id":743,"date":"2026-01-04T02:14:51","date_gmt":"2026-01-04T01:14:51","guid":{"rendered":"http:\/\/meblestylowe.eu\/?post_type=product&#038;p=743"},"modified":"2026-01-04T02:14:51","modified_gmt":"2026-01-04T01:14:51","slug":"czerwone-krzeslo-z-owalnym-oparciem","status":"publish","type":"product","link":"https:\/\/meblestylowe.eu\/?product=czerwone-krzeslo-z-owalnym-oparciem","title":{"rendered":"Czerwone krzes\u0142o z owalnym oparciem"},"content":{"rendered":"","protected":false},"excerpt":{"rendered":"<p>W razie pyta\u0144 lub zainteresowania ofert\u0105 \u2014 zapraszamy do kontaktu.<\/p>\n","protected":false},"featured_media":745,"template":"","meta":[],"product_brand":[],"product_cat":[34],"product_tag":[],"class_list":{"0":"post-743","1":"product","2":"type-product","3":"status-publish","4":"has-post-thumbnail","6":"product_cat-krzesla","8":"first","9":"instock","10":"sold-individually","11":"shipping-taxable","12":"purchasable","13":"product-type-simple"},"_links":{"self":[{"href":"https:\/\/meblestylowe.eu\/index.php?rest_route=\/wp\/v2\/product\/743","targetHints":{"allow":["GET"]}}],"collection":[{"href":"https:\/\/meblestylowe.eu\/index.php?rest_route=\/wp\/v2\/product"}],"about":[{"href":"https:\/\/meblestylowe.eu\/index.php?rest_route=\/wp\/v2\/types\/product"}],"wp:featuredmedia":[{"embeddable":true,"href":"https:\/\/meblestylowe.eu\/index.php?rest_route=\/wp\/v2\/media\/745"}],"wp:attachment":[{"href":"https:\/\/meblestylowe.eu\/index.php?rest_route=%2Fwp%2Fv2%2Fmedia&parent=743"}],"wp:term":[{"taxonomy":"product_brand","embeddable":true,"href":"https:\/\/meblestylowe.eu\/index.php?rest_route=%2Fwp%2Fv2%2Fproduct_brand&post=743"},{"taxonomy":"product_cat","embeddable":true,"href":"https:\/\/meblestylowe.eu\/index.php?rest_route=%2Fwp%2Fv2%2Fproduct_cat&post=743"},{"taxonomy":"product_tag","embeddable":true,"href":"https:\/\/meblestylowe.eu\/index.php?rest_route=%2Fwp%2Fv2%2Fproduct_tag&post=743"}],"curies":[{"name":"wp","href":"https:\/\/api.w.org\/{rel}","templated":true}]}}