{"id":732,"date":"2026-01-04T00:49:24","date_gmt":"2026-01-03T23:49:24","guid":{"rendered":"http:\/\/meblestylowe.eu\/?post_type=product&#038;p=732"},"modified":"2026-01-04T02:10:53","modified_gmt":"2026-01-04T01:10:53","slug":"zestaw-kanapa-krzeslo","status":"publish","type":"product","link":"https:\/\/meblestylowe.eu\/?product=zestaw-kanapa-krzeslo","title":{"rendered":"Zestaw Kanapa + Krzes\u0142o"},"content":{"rendered":"<p>Zestaw zawiera wyr\u00f3\u017cniaj\u0105c\u0105 si\u0119 \u017c\u00f3\u0142t\u0105 kanape razem z pasuj\u0105cym do niego eleganckim fotelem.<\/p>\n","protected":false},"excerpt":{"rendered":"<p>W razie pyta\u0144 lub zainteresowania ofert\u0105 \u2014 zapraszamy do kontaktu.<\/p>\n","protected":false},"featured_media":738,"template":"","meta":[],"product_brand":[],"product_cat":[32,34,33],"product_tag":[],"class_list":{"0":"post-732","1":"product","2":"type-product","3":"status-publish","4":"has-post-thumbnail","6":"product_cat-kanapy","7":"product_cat-krzesla","8":"product_cat-zestawy","10":"first","11":"instock","12":"sold-individually","13":"shipping-taxable","14":"purchasable","15":"product-type-simple"},"_links":{"self":[{"href":"https:\/\/meblestylowe.eu\/index.php?rest_route=\/wp\/v2\/product\/732","targetHints":{"allow":["GET"]}}],"collection":[{"href":"https:\/\/meblestylowe.eu\/index.php?rest_route=\/wp\/v2\/product"}],"about":[{"href":"https:\/\/meblestylowe.eu\/index.php?rest_route=\/wp\/v2\/types\/product"}],"wp:featuredmedia":[{"embeddable":true,"href":"https:\/\/meblestylowe.eu\/index.php?rest_route=\/wp\/v2\/media\/738"}],"wp:attachment":[{"href":"https:\/\/meblestylowe.eu\/index.php?rest_route=%2Fwp%2Fv2%2Fmedia&parent=732"}],"wp:term":[{"taxonomy":"product_brand","embeddable":true,"href":"https:\/\/meblestylowe.eu\/index.php?rest_route=%2Fwp%2Fv2%2Fproduct_brand&post=732"},{"taxonomy":"product_cat","embeddable":true,"href":"https:\/\/meblestylowe.eu\/index.php?rest_route=%2Fwp%2Fv2%2Fproduct_cat&post=732"},{"taxonomy":"product_tag","embeddable":true,"href":"https:\/\/meblestylowe.eu\/index.php?rest_route=%2Fwp%2Fv2%2Fproduct_tag&post=732"}],"curies":[{"name":"wp","href":"https:\/\/api.w.org\/{rel}","templated":true}]}}